{"id":21401,"date":"2023-07-10T09:36:31","date_gmt":"2023-07-10T02:36:31","guid":{"rendered":"https:\/\/www.pasahamak.com\/?page_id=21401"},"modified":"2023-12-20T16:24:50","modified_gmt":"2023-12-20T16:24:50","slug":"kurumsal","status":"publish","type":"page","link":"https:\/\/www.pasahamak.com\/?page_id=21401","title":{"rendered":"Kurumsal"},"content":{"rendered":"\t\t<div data-elementor-type=\"wp-page\" data-elementor-id=\"21401\" class=\"elementor elementor-21401\">\n\t\t\t\t<div class=\"elementor-element elementor-element-658c2d6 e-con-full e-flex e-con e-parent\" data-id=\"658c2d6\" data-element_type=\"container\" data-settings=\"{&quot;background_background&quot;:&quot;classic&quot;}\">\n\t\t<div class=\"elementor-element elementor-element-286da64 e-con-full e-flex e-con e-child\" data-id=\"286da64\" data-element_type=\"container\">\n\t\t\t\t<div class=\"elementor-element elementor-element-c96d000 elementor-widget__width-initial elementor-widget elementor-widget-heading\" data-id=\"c96d000\" data-element_type=\"widget\" data-widget_type=\"heading.default\">\n\t\t\t\t<div class=\"elementor-widget-container\">\n\t\t\t\t\t<h2 class=\"elementor-heading-title elementor-size-default\">PA\u015eA HAMAK<\/h2>\t\t\t\t<\/div>\n\t\t\t\t<\/div>\n\t\t\t\t<div class=\"elementor-element elementor-element-7d1b4cc elementor-widget elementor-widget-heading\" data-id=\"7d1b4cc\" data-element_type=\"widget\" data-widget_type=\"heading.default\">\n\t\t\t\t<div class=\"elementor-widget-container\">\n\t\t\t\t\t<div class=\"elementor-heading-title elementor-size-default\">Hamak Sal\u0131ncak\nBazen baz\u0131 \u015feylerin de\u011ferini bilmeden ya da fark\u0131na varmadan onlar\u0131 hafife almam\u0131z ilgin\u00e7tir. Hamak sal\u0131ncak, \u00f6zellikle sa\u011fl\u0131kla ilgili faydalar\u0131 a\u00e7\u0131s\u0131ndan s\u0131kl\u0131kla g\u00f6z ard\u0131 etti\u011fimiz \u015feyler listesinde yer al\u0131yor. Bu anla\u015f\u0131labilir bir durum, \u00e7\u00fcnk\u00fc kim uzan\u0131p yaz s\u0131ca\u011f\u0131n\u0131n tad\u0131n\u0131 \u00e7\u0131kar\u0131rken hamak sal\u0131ncak sandalyelerinin sa\u011fl\u0131\u011fa faydalar\u0131n\u0131 d\u00fc\u015f\u00fcn\u00fcr ki?\n<BR><BR>\nHamak sal\u0131ncak \u00e7ok y\u00f6nl\u00fcl\u00fc\u011f\u00fc sayesinde, onlar\u0131 i\u00e7 ve d\u0131\u015f mekanlar i\u00e7in uygun bir se\u00e7enek haline getiriyor. Sal\u0131ncak sandalyeyi nereye ast\u0131\u011f\u0131n\u0131zdan ba\u011f\u0131ms\u0131z olarak, sa\u011fl\u0131kl\u0131 ya\u015fam tarz\u0131n\u0131z\u0131 geli\u015ftiren sa\u011fl\u0131k faydalar\u0131ndan yararlanacaks\u0131n\u0131z. Sa\u011fl\u0131\u011fa faydalar\u0131 fizikselden zihinsel ve duygusal olana kadar uzan\u0131r. Bu da onu b\u00fct\u00fcnsel sa\u011fl\u0131k faydalar\u0131na sahip icatlardan biri ve evde, ofiste veya a\u00e7\u0131k havada sahip olunmas\u0131 gereken bir \u00fcr\u00fcn haline getiriyor. <\/div>\t\t\t\t<\/div>\n\t\t\t\t<\/div>\n\t\t\t\t<\/div>\n\t\t<div class=\"elementor-element elementor-element-c0f40e7 e-con-full e-flex e-con e-child\" data-id=\"c0f40e7\" data-element_type=\"container\">\n\t\t\t\t<div class=\"elementor-element elementor-element-cf4b98b elementor-widget elementor-widget-image\" data-id=\"cf4b98b\" data-element_type=\"widget\" data-widget_type=\"image.default\">\n\t\t\t\t<div class=\"elementor-widget-container\">\n\t\t\t\t\t\t\t\t\t\t\t\t\t\t\t<img fetchpriority=\"high\" decoding=\"async\" width=\"2560\" height=\"1707\" src=\"https:\/\/www.pasahamak.com\/wp-content\/uploads\/2023\/12\/pexels-max-andrey-1229753-scaled.jpg\" class=\"attachment-full size-full wp-image-22196\" alt=\"\" srcset=\"https:\/\/www.pasahamak.com\/wp-content\/uploads\/2023\/12\/pexels-max-andrey-1229753-scaled.jpg 2560w, https:\/\/www.pasahamak.com\/wp-content\/uploads\/2023\/12\/pexels-max-andrey-1229753-scaled-1000x667.jpg 1000w, https:\/\/www.pasahamak.com\/wp-content\/uploads\/2023\/12\/pexels-max-andrey-1229753-300x200.jpg 300w, https:\/\/www.pasahamak.com\/wp-content\/uploads\/2023\/12\/pexels-max-andrey-1229753-1024x683.jpg 1024w, https:\/\/www.pasahamak.com\/wp-content\/uploads\/2023\/12\/pexels-max-andrey-1229753-768x512.jpg 768w, https:\/\/www.pasahamak.com\/wp-content\/uploads\/2023\/12\/pexels-max-andrey-1229753-340x227.jpg 340w, https:\/\/www.pasahamak.com\/wp-content\/uploads\/2023\/12\/pexels-max-andrey-1229753-1536x1024.jpg 1536w, https:\/\/www.pasahamak.com\/wp-content\/uploads\/2023\/12\/pexels-max-andrey-1229753-2048x1365.jpg 2048w, https:\/\/www.pasahamak.com\/wp-content\/uploads\/2023\/12\/pexels-max-andrey-1229753-1300x867.jpg 1300w\" sizes=\"(max-width: 2560px) 100vw, 2560px\" \/>\t\t\t\t\t\t\t\t\t\t\t\t\t\t\t<\/div>\n\t\t\t\t<\/div>\n\t\t\t\t<\/div>\n\t\t\t\t<\/div>\n\t\t\t\t<\/div>\n\t\t","protected":false},"excerpt":{"rendered":"<p>PA\u015eA HAMAK Hamak Sal\u0131ncak Bazen baz\u0131 \u015feylerin de\u011ferini bilmeden ya da fark\u0131na varmadan onlar\u0131 hafife almam\u0131z ilgin\u00e7tir. Hamak sal\u0131ncak, \u00f6zellikle sa\u011fl\u0131kla ilgili faydalar\u0131 a\u00e7\u0131s\u0131ndan s\u0131kl\u0131kla g\u00f6z ard\u0131 etti\u011fimiz \u015feyler listesinde yer al\u0131yor. Bu anla\u015f\u0131labilir bir durum, \u00e7\u00fcnk\u00fc kim uzan\u0131p yaz s\u0131ca\u011f\u0131n\u0131n tad\u0131n\u0131 \u00e7\u0131kar\u0131rken hamak sal\u0131ncak sandalyelerinin sa\u011fl\u0131\u011fa faydalar\u0131n\u0131 d\u00fc\u015f\u00fcn\u00fcr ki? Hamak sal\u0131ncak \u00e7ok y\u00f6nl\u00fcl\u00fc\u011f\u00fc sayesinde, [&hellip;]<\/p>\n","protected":false},"author":1,"featured_media":0,"parent":0,"menu_order":0,"comment_status":"closed","ping_status":"closed","template":"","meta":{"footnotes":""},"class_list":["post-21401","page","type-page","status-publish","hentry"],"_links":{"self":[{"href":"https:\/\/www.pasahamak.com\/index.php?rest_route=\/wp\/v2\/pages\/21401","targetHints":{"allow":["GET"]}}],"collection":[{"href":"https:\/\/www.pasahamak.com\/index.php?rest_route=\/wp\/v2\/pages"}],"about":[{"href":"https:\/\/www.pasahamak.com\/index.php?rest_route=\/wp\/v2\/types\/page"}],"author":[{"embeddable":true,"href":"https:\/\/www.pasahamak.com\/index.php?rest_route=\/wp\/v2\/users\/1"}],"replies":[{"embeddable":true,"href":"https:\/\/www.pasahamak.com\/index.php?rest_route=%2Fwp%2Fv2%2Fcomments&post=21401"}],"version-history":[{"count":35,"href":"https:\/\/www.pasahamak.com\/index.php?rest_route=\/wp\/v2\/pages\/21401\/revisions"}],"predecessor-version":[{"id":22369,"href":"https:\/\/www.pasahamak.com\/index.php?rest_route=\/wp\/v2\/pages\/21401\/revisions\/22369"}],"wp:attachment":[{"href":"https:\/\/www.pasahamak.com\/index.php?rest_route=%2Fwp%2Fv2%2Fmedia&parent=21401"}],"curies":[{"name":"wp","href":"https:\/\/api.w.org\/{rel}","templated":true}]}}