{"id":22390,"date":"2023-12-20T18:03:56","date_gmt":"2023-12-20T18:03:56","guid":{"rendered":"https:\/\/www.pasahamak.com\/?post_type=product&#038;p=22390"},"modified":"2026-04-14T04:09:32","modified_gmt":"2026-04-14T04:09:32","slug":"pasa-hamak-portatif-cantali-bebek-salincagi","status":"publish","type":"product","link":"https:\/\/www.pasahamak.com\/?product=pasa-hamak-portatif-cantali-bebek-salincagi","title":{"rendered":"PASA HAMAK PORTATIF, \u00c7ANTALI 07 MODEL BEBEK HAMA\u011eI, BEBEK SALINCA\u011eI"},"content":{"rendered":"<ol>\n<li>PASA HAMAK PORTATIF, \u00c7ANTALI,<br \/>\n07 MODEL BEBEK HAMA\u011eI, BEBEK SALINCA\u011eI<\/li>\n<\/ol>\n<p>Pasa bebek hamaklari, &#8211; Ta\u015f\u0131ma kapasitesi 15 ila 36 kilogram aras\u0131nda olan bu bebek hama\u011f\u0131, bebe\u011finizin b\u00fcy\u00fcme evrelerine uyum sa\u011flayarak uzun s\u00fcreli kullan\u0131m imkan\u0131 sunar.; &#8211; Gri renkteki \u015f\u0131k tasar\u0131m\u0131yla hem estetik hem de fonksiyonel bir se\u00e7enek olarak \u00f6ne \u00e7\u0131kar; her t\u00fcrl\u00fc oda dekorasyonuna kolayca uyum sa\u011flar.; &#8211; Dayan\u0131kl\u0131 tekstil materyali sayesinde s\u0131k kullan\u0131mlarda bile formunu korur ve uzun \u00f6m\u00fcrl\u00fcd\u00fcr.; &#8211; Kolay ta\u015f\u0131nabilir yap\u0131s\u0131 ile seyahatlerde veya tatillerde bebe\u011finizin konforundan \u00f6d\u00fcn vermeden rahat\u00e7a kullan\u0131labilir.; 30 SAN\u0130YEDE KURULUP VE KULLANILAB\u0130L\u0130R.; Pa\u015fa Hamak Resmi Sat\u0131\u015f Ma\u011fazas\u0131d\u0131r.; Sevilen \u00fcr\u00fcn Pa\u015fa Bebek Hama\u011f\u0131 yeni modeli ile kar\u015f\u0131n\u0131zda! Dayan\u0131kl\u0131 metal g\u00f6vde ; Silinebilir y\u0131rt\u0131lmaz kuma\u015f ; Katlanabilir hafif tasar\u0131m ; Kendi kutusunda saklanabilir ; 1 dakikada kurulup &#8211; s\u00f6k\u00fclebilir ; Esnemeyi \u00f6nleyen \u00fcst g\u00fcvenlik kemeri ; Bebek hama\u011f\u0131 kurulumu Ayr\u0131 par\u00e7alar halindeki g\u00f6vdeyi birbirine ge\u00e7irerek kurun Hamak kuma\u015f\u0131n\u0131 a\u00e7\u0131n ve iki ucundan g\u00f6vdedeki kancalara tak\u0131n \u0130ste\u011fe ba\u011fl\u0131 olarak hamak kuma\u015f\u0131na pike, battaniye serilebilir G\u00fcvenlik uyar\u0131lar\u0131 Hama\u011f\u0131 h\u0131zl\u0131 sallamay\u0131n\u0131z ; Bebe\u011finizi hamakta yaln\u0131z b\u0131rakmay\u0131n\u0131z.<\/p>\n","protected":false},"excerpt":{"rendered":"<p>PASA HAMAK PORTATIF, \u00c7ANTALI, 07 MODEL BEBEK HAMA\u011eI, BEBEK SALINCA\u011eI Pasa bebek hamaklari, &#8211; Ta\u015f\u0131ma kapasitesi 15 ila 36 kilogram aras\u0131nda olan bu bebek hama\u011f\u0131, bebe\u011finizin b\u00fcy\u00fcme evrelerine uyum sa\u011flayarak uzun s\u00fcreli kullan\u0131m imkan\u0131 sunar.; &#8211; Gri renkteki \u015f\u0131k tasar\u0131m\u0131yla hem estetik hem de fonksiyonel bir se\u00e7enek olarak \u00f6ne \u00e7\u0131kar; her t\u00fcrl\u00fc oda dekorasyonuna kolayca [&hellip;]<\/p>\n","protected":false},"featured_media":22646,"comment_status":"open","ping_status":"closed","template":"","meta":[],"product_brand":[],"product_cat":[64,159],"product_tag":[],"class_list":{"0":"post-22390","1":"product","2":"type-product","3":"status-publish","4":"has-post-thumbnail","6":"product_cat-genel","7":"product_cat-bebek-cocuk-hamaklari","9":"first","10":"instock","11":"shipping-taxable","12":"purchasable","13":"product-type-simple"},"_links":{"self":[{"href":"https:\/\/www.pasahamak.com\/index.php?rest_route=\/wp\/v2\/product\/22390","targetHints":{"allow":["GET"]}}],"collection":[{"href":"https:\/\/www.pasahamak.com\/index.php?rest_route=\/wp\/v2\/product"}],"about":[{"href":"https:\/\/www.pasahamak.com\/index.php?rest_route=\/wp\/v2\/types\/product"}],"replies":[{"embeddable":true,"href":"https:\/\/www.pasahamak.com\/index.php?rest_route=%2Fwp%2Fv2%2Fcomments&post=22390"}],"wp:featuredmedia":[{"embeddable":true,"href":"https:\/\/www.pasahamak.com\/index.php?rest_route=\/wp\/v2\/media\/22646"}],"wp:attachment":[{"href":"https:\/\/www.pasahamak.com\/index.php?rest_route=%2Fwp%2Fv2%2Fmedia&parent=22390"}],"wp:term":[{"taxonomy":"product_brand","embeddable":true,"href":"https:\/\/www.pasahamak.com\/index.php?rest_route=%2Fwp%2Fv2%2Fproduct_brand&post=22390"},{"taxonomy":"product_cat","embeddable":true,"href":"https:\/\/www.pasahamak.com\/index.php?rest_route=%2Fwp%2Fv2%2Fproduct_cat&post=22390"},{"taxonomy":"product_tag","embeddable":true,"href":"https:\/\/www.pasahamak.com\/index.php?rest_route=%2Fwp%2Fv2%2Fproduct_tag&post=22390"}],"curies":[{"name":"wp","href":"https:\/\/api.w.org\/{rel}","templated":true}]}}