{"id":22448,"date":"2024-01-07T13:44:00","date_gmt":"2024-01-07T13:44:00","guid":{"rendered":"https:\/\/www.pasahamak.com\/?post_type=product&#038;p=22448"},"modified":"2026-04-02T20:43:06","modified_gmt":"2026-04-02T20:43:06","slug":"kapitone-hamak-2","status":"publish","type":"product","link":"https:\/\/www.pasahamak.com\/?product=kapitone-hamak-2","title":{"rendered":"Kapitone Hamak"},"content":{"rendered":"<p>Her renk ve \u00f6zel \u00f6l\u00e7\u00fc ile hamak imalat\u0131 yap\u0131l\u0131r.<\/p>\n","protected":false},"excerpt":{"rendered":"<p>Her renk ve \u00f6zel \u00f6l\u00e7\u00fc ile hamak imalat\u0131 yap\u0131l\u0131r.<\/p>\n","protected":false},"featured_media":22729,"comment_status":"open","ping_status":"closed","template":"","meta":[],"product_brand":[],"product_cat":[64,164],"product_tag":[],"class_list":{"0":"post-22448","1":"product","2":"type-product","3":"status-publish","4":"has-post-thumbnail","6":"product_cat-genel","7":"product_cat-kapitone-hamaklari","9":"first","10":"instock","11":"shipping-taxable","12":"product-type-simple"},"_links":{"self":[{"href":"https:\/\/www.pasahamak.com\/index.php?rest_route=\/wp\/v2\/product\/22448","targetHints":{"allow":["GET"]}}],"collection":[{"href":"https:\/\/www.pasahamak.com\/index.php?rest_route=\/wp\/v2\/product"}],"about":[{"href":"https:\/\/www.pasahamak.com\/index.php?rest_route=\/wp\/v2\/types\/product"}],"replies":[{"embeddable":true,"href":"https:\/\/www.pasahamak.com\/index.php?rest_route=%2Fwp%2Fv2%2Fcomments&post=22448"}],"wp:featuredmedia":[{"embeddable":true,"href":"https:\/\/www.pasahamak.com\/index.php?rest_route=\/wp\/v2\/media\/22729"}],"wp:attachment":[{"href":"https:\/\/www.pasahamak.com\/index.php?rest_route=%2Fwp%2Fv2%2Fmedia&parent=22448"}],"wp:term":[{"taxonomy":"product_brand","embeddable":true,"href":"https:\/\/www.pasahamak.com\/index.php?rest_route=%2Fwp%2Fv2%2Fproduct_brand&post=22448"},{"taxonomy":"product_cat","embeddable":true,"href":"https:\/\/www.pasahamak.com\/index.php?rest_route=%2Fwp%2Fv2%2Fproduct_cat&post=22448"},{"taxonomy":"product_tag","embeddable":true,"href":"https:\/\/www.pasahamak.com\/index.php?rest_route=%2Fwp%2Fv2%2Fproduct_tag&post=22448"}],"curies":[{"name":"wp","href":"https:\/\/api.w.org\/{rel}","templated":true}]}}